{"id":269,"date":"2020-07-09T15:18:40","date_gmt":"2020-07-09T13:18:40","guid":{"rendered":"http:\/\/colpisucarta.com\/?page_id=269"},"modified":"2021-04-07T09:33:22","modified_gmt":"2021-04-07T07:33:22","slug":"fruits-vegetables","status":"publish","type":"page","link":"https:\/\/colpisucarta.com\/?page_id=269","title":{"rendered":"Fruits &#038; Vegetables"},"content":{"rendered":"\t\t<div data-elementor-type=\"wp-page\" data-elementor-id=\"269\" class=\"elementor elementor-269\">\n\t\t\t\t\t\t<section class=\"elementor-section elementor-top-section elementor-element elementor-element-c75cef2 elementor-section-boxed elementor-section-height-default elementor-section-height-default\" data-id=\"c75cef2\" data-element_type=\"section\" data-e-type=\"section\">\n\t\t\t\t\t\t<div class=\"elementor-container elementor-column-gap-default\">\n\t\t\t\t\t<div class=\"elementor-column elementor-col-50 elementor-top-column elementor-element elementor-element-604c73e\" data-id=\"604c73e\" data-element_type=\"column\" data-e-type=\"column\">\n\t\t\t<div class=\"elementor-widget-wrap elementor-element-populated\">\n\t\t\t\t\t\t<div class=\"elementor-element elementor-element-021ff6c elementor-widget elementor-widget-heading\" data-id=\"021ff6c\" data-element_type=\"widget\" data-e-type=\"widget\" data-widget_type=\"heading.default\">\n\t\t\t\t<div class=\"elementor-widget-container\">\n\t\t\t\t\t<h2 class=\"elementor-heading-title elementor-size-default\">Obst &amp; Fr\u00fcchte \/\/ <i>Fruit &amp; Vegetables<\/i><\/h2>\t\t\t\t<\/div>\n\t\t\t\t<\/div>\n\t\t\t\t<div class=\"elementor-element elementor-element-b767a87 elementor-widget elementor-widget-text-editor\" data-id=\"b767a87\" data-element_type=\"widget\" data-e-type=\"widget\" data-widget_type=\"text-editor.default\">\n\t\t\t\t<div class=\"elementor-widget-container\">\n\t\t\t\t\t\t\t\t\t<p>W\u00e4hrend ich fast 7 Wochen im &#8220;Corona-Lockdown&#8221; in Rom war, habe ich eine Woche lang jeden Tag ein Obst oder Gem\u00fcse gezeichnet. Dies ist das Ergebnis.<br>F\u00fcr einen Wettbewerb ist au\u00dferdem ein Gem\u00fcsemuster entstanden. <\/p>\n<p><em>During 7 weeks of lockdown in Rome in March 2020, I challenged myself to draw a fruit or a vegetable each day. This is the result.<br>For a little competition I later on made a vegetable-pattern. <br><\/em><\/p>\t\t\t\t\t\t\t\t<\/div>\n\t\t\t\t<\/div>\n\t\t\t\t\t<\/div>\n\t\t<\/div>\n\t\t\t\t<div class=\"elementor-column elementor-col-50 elementor-top-column elementor-element elementor-element-50b490a\" data-id=\"50b490a\" data-element_type=\"column\" data-e-type=\"column\">\n\t\t\t<div class=\"elementor-widget-wrap\">\n\t\t\t\t\t\t\t<\/div>\n\t\t<\/div>\n\t\t\t\t\t<\/div>\n\t\t<\/section>\n\t\t\t\t<section class=\"elementor-section elementor-top-section elementor-element elementor-element-c65568a elementor-section-boxed elementor-section-height-default elementor-section-height-default\" data-id=\"c65568a\" data-element_type=\"section\" data-e-type=\"section\">\n\t\t\t\t\t\t<div class=\"elementor-container elementor-column-gap-default\">\n\t\t\t\t\t<div class=\"elementor-column elementor-col-100 elementor-top-column elementor-element elementor-element-5f32f37\" data-id=\"5f32f37\" data-element_type=\"column\" data-e-type=\"column\">\n\t\t\t<div class=\"elementor-widget-wrap elementor-element-populated\">\n\t\t\t\t\t\t<div class=\"elementor-element elementor-element-874ba74 gallery-spacing-custom elementor-widget elementor-widget-image-gallery\" data-id=\"874ba74\" data-element_type=\"widget\" data-e-type=\"widget\" data-widget_type=\"image-gallery.default\">\n\t\t\t\t<div class=\"elementor-widget-container\">\n\t\t\t\t\t\t\t<div class=\"elementor-image-gallery\">\n\t\t\t<div id='gallery-1' class='gallery galleryid-269 gallery-columns-4 gallery-size-medium_large'><figure class='gallery-item'>\n\t\t\t<div class='gallery-icon landscape'>\n\t\t\t\t<a data-elementor-open-lightbox=\"yes\" data-elementor-lightbox-slideshow=\"874ba74\" data-e-action-hash=\"#elementor-action%3Aaction%3Dlightbox%26settings%3DeyJpZCI6MjYzLCJ1cmwiOiJodHRwczpcL1wvY29scGlzdWNhcnRhLmNvbVwvd3AtY29udGVudFwvdXBsb2Fkc1wvMjAyMFwvMDdcL0ZlbmNoZWwucG5nIiwic2xpZGVzaG93IjoiODc0YmE3NCJ9\" href='https:\/\/colpisucarta.com\/wp-content\/uploads\/2020\/07\/Fenchel.png'><img fetchpriority=\"high\" decoding=\"async\" width=\"768\" height=\"768\" src=\"https:\/\/colpisucarta.com\/wp-content\/uploads\/2020\/07\/Fenchel-768x768.png\" class=\"attachment-medium_large size-medium_large\" alt=\"\" srcset=\"https:\/\/colpisucarta.com\/wp-content\/uploads\/2020\/07\/Fenchel-768x768.png 768w, https:\/\/colpisucarta.com\/wp-content\/uploads\/2020\/07\/Fenchel-300x300.png 300w, https:\/\/colpisucarta.com\/wp-content\/uploads\/2020\/07\/Fenchel.png 1024w, https:\/\/colpisucarta.com\/wp-content\/uploads\/2020\/07\/Fenchel-150x150.png 150w\" sizes=\"(max-width: 768px) 100vw, 768px\" \/><\/a>\n\t\t\t<\/div><\/figure><figure class='gallery-item'>\n\t\t\t<div class='gallery-icon landscape'>\n\t\t\t\t<a data-elementor-open-lightbox=\"yes\" data-elementor-lightbox-slideshow=\"874ba74\" data-e-action-hash=\"#elementor-action%3Aaction%3Dlightbox%26settings%3DeyJpZCI6MjY1LCJ1cmwiOiJodHRwczpcL1wvY29scGlzdWNhcnRhLmNvbVwvd3AtY29udGVudFwvdXBsb2Fkc1wvMjAyMFwvMDdcL0dyYXBlZnJ1aXQucG5nIiwic2xpZGVzaG93IjoiODc0YmE3NCJ9\" href='https:\/\/colpisucarta.com\/wp-content\/uploads\/2020\/07\/Grapefruit.png'><img decoding=\"async\" width=\"768\" height=\"768\" src=\"https:\/\/colpisucarta.com\/wp-content\/uploads\/2020\/07\/Grapefruit-768x768.png\" class=\"attachment-medium_large size-medium_large\" alt=\"\" srcset=\"https:\/\/colpisucarta.com\/wp-content\/uploads\/2020\/07\/Grapefruit-768x768.png 768w, https:\/\/colpisucarta.com\/wp-content\/uploads\/2020\/07\/Grapefruit-300x300.png 300w, https:\/\/colpisucarta.com\/wp-content\/uploads\/2020\/07\/Grapefruit.png 1024w, https:\/\/colpisucarta.com\/wp-content\/uploads\/2020\/07\/Grapefruit-150x150.png 150w\" sizes=\"(max-width: 768px) 100vw, 768px\" \/><\/a>\n\t\t\t<\/div><\/figure><figure class='gallery-item'>\n\t\t\t<div class='gallery-icon landscape'>\n\t\t\t\t<a data-elementor-open-lightbox=\"yes\" data-elementor-lightbox-slideshow=\"874ba74\" data-e-action-hash=\"#elementor-action%3Aaction%3Dlightbox%26settings%3DeyJpZCI6MjY3LCJ1cmwiOiJodHRwczpcL1wvY29scGlzdWNhcnRhLmNvbVwvd3AtY29udGVudFwvdXBsb2Fkc1wvMjAyMFwvMDdcL1Bha0Nob2kucG5nIiwic2xpZGVzaG93IjoiODc0YmE3NCJ9\" href='https:\/\/colpisucarta.com\/wp-content\/uploads\/2020\/07\/PakChoi.png'><img decoding=\"async\" width=\"768\" height=\"768\" src=\"https:\/\/colpisucarta.com\/wp-content\/uploads\/2020\/07\/PakChoi-768x768.png\" class=\"attachment-medium_large size-medium_large\" alt=\"\" srcset=\"https:\/\/colpisucarta.com\/wp-content\/uploads\/2020\/07\/PakChoi-768x768.png 768w, https:\/\/colpisucarta.com\/wp-content\/uploads\/2020\/07\/PakChoi-300x300.png 300w, https:\/\/colpisucarta.com\/wp-content\/uploads\/2020\/07\/PakChoi.png 1024w, https:\/\/colpisucarta.com\/wp-content\/uploads\/2020\/07\/PakChoi-150x150.png 150w\" sizes=\"(max-width: 768px) 100vw, 768px\" \/><\/a>\n\t\t\t<\/div><\/figure><figure class='gallery-item'>\n\t\t\t<div class='gallery-icon landscape'>\n\t\t\t\t<a data-elementor-open-lightbox=\"yes\" data-elementor-lightbox-slideshow=\"874ba74\" data-e-action-hash=\"#elementor-action%3Aaction%3Dlightbox%26settings%3DeyJpZCI6MjY0LCJ1cmwiOiJodHRwczpcL1wvY29scGlzdWNhcnRhLmNvbVwvd3AtY29udGVudFwvdXBsb2Fkc1wvMjAyMFwvMDdcL0dyYW5hdGFwZmVsLnBuZyIsInNsaWRlc2hvdyI6Ijg3NGJhNzQifQ%3D%3D\" href='https:\/\/colpisucarta.com\/wp-content\/uploads\/2020\/07\/Granatapfel.png'><img loading=\"lazy\" decoding=\"async\" width=\"768\" height=\"768\" src=\"https:\/\/colpisucarta.com\/wp-content\/uploads\/2020\/07\/Granatapfel-768x768.png\" class=\"attachment-medium_large size-medium_large\" alt=\"\" srcset=\"https:\/\/colpisucarta.com\/wp-content\/uploads\/2020\/07\/Granatapfel-768x768.png 768w, https:\/\/colpisucarta.com\/wp-content\/uploads\/2020\/07\/Granatapfel-300x300.png 300w, https:\/\/colpisucarta.com\/wp-content\/uploads\/2020\/07\/Granatapfel.png 1024w, https:\/\/colpisucarta.com\/wp-content\/uploads\/2020\/07\/Granatapfel-150x150.png 150w\" sizes=\"(max-width: 768px) 100vw, 768px\" \/><\/a>\n\t\t\t<\/div><\/figure><figure class='gallery-item'>\n\t\t\t<div class='gallery-icon landscape'>\n\t\t\t\t<a data-elementor-open-lightbox=\"yes\" data-elementor-lightbox-slideshow=\"874ba74\" data-e-action-hash=\"#elementor-action%3Aaction%3Dlightbox%26settings%3DeyJpZCI6MjY2LCJ1cmwiOiJodHRwczpcL1wvY29scGlzdWNhcnRhLmNvbVwvd3AtY29udGVudFwvdXBsb2Fkc1wvMjAyMFwvMDdcL0tub2JsYXVjaC5wbmciLCJzbGlkZXNob3ciOiI4NzRiYTc0In0%3D\" href='https:\/\/colpisucarta.com\/wp-content\/uploads\/2020\/07\/Knoblauch.png'><img loading=\"lazy\" decoding=\"async\" width=\"768\" height=\"768\" src=\"https:\/\/colpisucarta.com\/wp-content\/uploads\/2020\/07\/Knoblauch-768x768.png\" class=\"attachment-medium_large size-medium_large\" alt=\"\" srcset=\"https:\/\/colpisucarta.com\/wp-content\/uploads\/2020\/07\/Knoblauch-768x768.png 768w, https:\/\/colpisucarta.com\/wp-content\/uploads\/2020\/07\/Knoblauch-300x300.png 300w, https:\/\/colpisucarta.com\/wp-content\/uploads\/2020\/07\/Knoblauch.png 1024w, https:\/\/colpisucarta.com\/wp-content\/uploads\/2020\/07\/Knoblauch-150x150.png 150w\" sizes=\"(max-width: 768px) 100vw, 768px\" \/><\/a>\n\t\t\t<\/div><\/figure><figure class='gallery-item'>\n\t\t\t<div class='gallery-icon landscape'>\n\t\t\t\t<a data-elementor-open-lightbox=\"yes\" data-elementor-lightbox-slideshow=\"874ba74\" data-e-action-hash=\"#elementor-action%3Aaction%3Dlightbox%26settings%3DeyJpZCI6MjYxLCJ1cmwiOiJodHRwczpcL1wvY29scGlzdWNhcnRhLmNvbVwvd3AtY29udGVudFwvdXBsb2Fkc1wvMjAyMFwvMDdcL0FwZmVsLnBuZyIsInNsaWRlc2hvdyI6Ijg3NGJhNzQifQ%3D%3D\" href='https:\/\/colpisucarta.com\/wp-content\/uploads\/2020\/07\/Apfel.png'><img loading=\"lazy\" decoding=\"async\" width=\"768\" height=\"768\" src=\"https:\/\/colpisucarta.com\/wp-content\/uploads\/2020\/07\/Apfel-768x768.png\" class=\"attachment-medium_large size-medium_large\" alt=\"\" srcset=\"https:\/\/colpisucarta.com\/wp-content\/uploads\/2020\/07\/Apfel-768x768.png 768w, https:\/\/colpisucarta.com\/wp-content\/uploads\/2020\/07\/Apfel-300x300.png 300w, https:\/\/colpisucarta.com\/wp-content\/uploads\/2020\/07\/Apfel.png 1024w, https:\/\/colpisucarta.com\/wp-content\/uploads\/2020\/07\/Apfel-150x150.png 150w\" sizes=\"(max-width: 768px) 100vw, 768px\" \/><\/a>\n\t\t\t<\/div><\/figure><figure class='gallery-item'>\n\t\t\t<div class='gallery-icon landscape'>\n\t\t\t\t<a data-elementor-open-lightbox=\"yes\" data-elementor-lightbox-slideshow=\"874ba74\" data-e-action-hash=\"#elementor-action%3Aaction%3Dlightbox%26settings%3DeyJpZCI6MjYyLCJ1cmwiOiJodHRwczpcL1wvY29scGlzdWNhcnRhLmNvbVwvd3AtY29udGVudFwvdXBsb2Fkc1wvMjAyMFwvMDdcL0VyZGJlZXJlbi5wbmciLCJzbGlkZXNob3ciOiI4NzRiYTc0In0%3D\" href='https:\/\/colpisucarta.com\/wp-content\/uploads\/2020\/07\/Erdbeeren.png'><img loading=\"lazy\" decoding=\"async\" width=\"768\" height=\"768\" src=\"https:\/\/colpisucarta.com\/wp-content\/uploads\/2020\/07\/Erdbeeren-768x768.png\" class=\"attachment-medium_large size-medium_large\" alt=\"\" srcset=\"https:\/\/colpisucarta.com\/wp-content\/uploads\/2020\/07\/Erdbeeren-768x768.png 768w, https:\/\/colpisucarta.com\/wp-content\/uploads\/2020\/07\/Erdbeeren-300x300.png 300w, https:\/\/colpisucarta.com\/wp-content\/uploads\/2020\/07\/Erdbeeren.png 1024w, https:\/\/colpisucarta.com\/wp-content\/uploads\/2020\/07\/Erdbeeren-150x150.png 150w\" sizes=\"(max-width: 768px) 100vw, 768px\" \/><\/a>\n\t\t\t<\/div><\/figure><figure class='gallery-item'>\n\t\t\t<div class='gallery-icon landscape'>\n\t\t\t\t<a data-elementor-open-lightbox=\"yes\" data-elementor-lightbox-slideshow=\"874ba74\" data-e-action-hash=\"#elementor-action%3Aaction%3Dlightbox%26settings%3DeyJpZCI6MzA3LCJ1cmwiOiJodHRwczpcL1wvY29scGlzdWNhcnRhLmNvbVwvd3AtY29udGVudFwvdXBsb2Fkc1wvMjAyMFwvMDdcL0dlbVx1MDBmY3NlcGF0dGVybi5wbmciLCJzbGlkZXNob3ciOiI4NzRiYTc0In0%3D\" href='https:\/\/colpisucarta.com\/wp-content\/uploads\/2020\/07\/Gem\u00fcsepattern.png'><img loading=\"lazy\" decoding=\"async\" width=\"768\" height=\"768\" src=\"https:\/\/colpisucarta.com\/wp-content\/uploads\/2020\/07\/Gem\u00fcsepattern-768x768.png\" class=\"attachment-medium_large size-medium_large\" alt=\"\" srcset=\"https:\/\/colpisucarta.com\/wp-content\/uploads\/2020\/07\/Gem\u00fcsepattern-768x768.png 768w, https:\/\/colpisucarta.com\/wp-content\/uploads\/2020\/07\/Gem\u00fcsepattern-300x300.png 300w, https:\/\/colpisucarta.com\/wp-content\/uploads\/2020\/07\/Gem\u00fcsepattern.png 1024w, https:\/\/colpisucarta.com\/wp-content\/uploads\/2020\/07\/Gem\u00fcsepattern-150x150.png 150w\" sizes=\"(max-width: 768px) 100vw, 768px\" \/><\/a>\n\t\t\t<\/div><\/figure>\n\t\t<\/div>\n\t\t<\/div>\n\t\t\t\t\t\t<\/div>\n\t\t\t\t<\/div>\n\t\t\t\t\t<\/div>\n\t\t<\/div>\n\t\t\t\t\t<\/div>\n\t\t<\/section>\n\t\t\t\t<section class=\"elementor-section elementor-top-section elementor-element elementor-element-122702e elementor-section-boxed elementor-section-height-default elementor-section-height-default\" data-id=\"122702e\" data-element_type=\"section\" data-e-type=\"section\">\n\t\t\t\t\t\t<div class=\"elementor-container elementor-column-gap-default\">\n\t\t\t\t\t<div class=\"elementor-column elementor-col-100 elementor-top-column elementor-element elementor-element-982e762\" data-id=\"982e762\" data-element_type=\"column\" data-e-type=\"column\">\n\t\t\t<div class=\"elementor-widget-wrap elementor-element-populated\">\n\t\t\t\t\t\t<div class=\"elementor-element elementor-element-b811799 elementor-widget elementor-widget-html\" data-id=\"b811799\" data-element_type=\"widget\" data-e-type=\"widget\" data-widget_type=\"html.default\">\n\t\t\t\t<div class=\"elementor-widget-container\">\n\t\t\t\t\t<body oncontextmenu=\"return false\" onselectstart=\"return false\" ondragstart=\"return false\"\t\t\t\t<\/div>\n\t\t\t\t<\/div>\n\t\t\t\t\t<\/div>\n\t\t<\/div>\n\t\t\t\t\t<\/div>\n\t\t<\/section>\n\t\t\t\t<\/div>\n\t\t","protected":false},"excerpt":{"rendered":"<p>Obst &amp; Fr\u00fcchte \/\/ Fruit &amp; Vegetables W\u00e4hrend ich fast 7 Wochen im &#8220;Corona-Lockdown&#8221; in Rom war, habe ich eine Woche lang jeden Tag ein Obst oder Gem\u00fcse gezeichnet. Dies ist das Ergebnis.F\u00fcr einen Wettbewerb ist au\u00dferdem ein Gem\u00fcsemuster entstanden. During 7 weeks of lockdown in Rome in March 2020, I challenged myself to draw [&hellip;]<\/p>\n","protected":false},"author":1,"featured_media":0,"parent":0,"menu_order":0,"comment_status":"closed","ping_status":"closed","template":"","meta":{"ocean_post_layout":"","ocean_both_sidebars_style":"","ocean_both_sidebars_content_width":0,"ocean_both_sidebars_sidebars_width":0,"ocean_sidebar":"0","ocean_second_sidebar":"0","ocean_disable_margins":"enable","ocean_add_body_class":"","ocean_shortcode_before_top_bar":"","ocean_shortcode_after_top_bar":"","ocean_shortcode_before_header":"","ocean_shortcode_after_header":"","ocean_has_shortcode":"","ocean_shortcode_after_title":"","ocean_shortcode_before_footer_widgets":"","ocean_shortcode_after_footer_widgets":"","ocean_shortcode_before_footer_bottom":"","ocean_shortcode_after_footer_bottom":"","ocean_display_top_bar":"default","ocean_display_header":"default","ocean_header_style":"","ocean_center_header_left_menu":"0","ocean_custom_header_template":"0","ocean_custom_logo":0,"ocean_custom_retina_logo":0,"ocean_custom_logo_max_width":0,"ocean_custom_logo_tablet_max_width":0,"ocean_custom_logo_mobile_max_width":0,"ocean_custom_logo_max_height":0,"ocean_custom_logo_tablet_max_height":0,"ocean_custom_logo_mobile_max_height":0,"ocean_header_custom_menu":"0","ocean_menu_typo_font_family":"0","ocean_menu_typo_font_subset":"","ocean_menu_typo_font_size":0,"ocean_menu_typo_font_size_tablet":0,"ocean_menu_typo_font_size_mobile":0,"ocean_menu_typo_font_size_unit":"px","ocean_menu_typo_font_weight":"","ocean_menu_typo_font_weight_tablet":"","ocean_menu_typo_font_weight_mobile":"","ocean_menu_typo_transform":"","ocean_menu_typo_transform_tablet":"","ocean_menu_typo_transform_mobile":"","ocean_menu_typo_line_height":0,"ocean_menu_typo_line_height_tablet":0,"ocean_menu_typo_line_height_mobile":0,"ocean_menu_typo_line_height_unit":"","ocean_menu_typo_spacing":0,"ocean_menu_typo_spacing_tablet":0,"ocean_menu_typo_spacing_mobile":0,"ocean_menu_typo_spacing_unit":"","ocean_menu_link_color":"","ocean_menu_link_color_hover":"","ocean_menu_link_color_active":"","ocean_menu_link_background":"","ocean_menu_link_hover_background":"","ocean_menu_link_active_background":"","ocean_menu_social_links_bg":"","ocean_menu_social_hover_links_bg":"","ocean_menu_social_links_color":"","ocean_menu_social_hover_links_color":"","ocean_disable_title":"default","ocean_disable_heading":"default","ocean_post_title":"","ocean_post_subheading":"","ocean_post_title_style":"","ocean_post_title_background_color":"","ocean_post_title_background":0,"ocean_post_title_bg_image_position":"","ocean_post_title_bg_image_attachment":"","ocean_post_title_bg_image_repeat":"","ocean_post_title_bg_image_size":"","ocean_post_title_height":0,"ocean_post_title_bg_overlay":0.5,"ocean_post_title_bg_overlay_color":"","ocean_disable_breadcrumbs":"default","ocean_breadcrumbs_color":"","ocean_breadcrumbs_separator_color":"","ocean_breadcrumbs_links_color":"","ocean_breadcrumbs_links_hover_color":"","ocean_display_footer_widgets":"default","ocean_display_footer_bottom":"default","ocean_custom_footer_template":"0","footnotes":""},"class_list":["post-269","page","type-page","status-publish","hentry","entry"],"yoast_head":"<!-- This site is optimized with the Yoast SEO plugin v27.4 - https:\/\/yoast.com\/product\/yoast-seo-wordpress\/ -->\n<title>Fruits &amp; Vegetables | colpi.su.carta<\/title>\n<meta name=\"robots\" content=\"index, follow, max-snippet:-1, max-image-preview:large, max-video-preview:-1\" \/>\n<link rel=\"canonical\" href=\"https:\/\/colpisucarta.com\/?page_id=269\" \/>\n<meta property=\"og:locale\" content=\"en_US\" \/>\n<meta property=\"og:type\" content=\"article\" \/>\n<meta property=\"og:title\" content=\"Fruits &amp; Vegetables | colpi.su.carta\" \/>\n<meta property=\"og:description\" content=\"Obst &amp; Fr\u00fcchte \/\/ Fruit &amp; Vegetables W\u00e4hrend ich fast 7 Wochen im &#8220;Corona-Lockdown&#8221; in Rom war, habe ich eine Woche lang jeden Tag ein Obst oder Gem\u00fcse gezeichnet. Dies ist das Ergebnis.F\u00fcr einen Wettbewerb ist au\u00dferdem ein Gem\u00fcsemuster entstanden. During 7 weeks of lockdown in Rome in March 2020, I challenged myself to draw [&hellip;]\" \/>\n<meta property=\"og:url\" content=\"https:\/\/colpisucarta.com\/?page_id=269\" \/>\n<meta property=\"og:site_name\" content=\"colpi.su.carta\" \/>\n<meta property=\"article:modified_time\" content=\"2021-04-07T07:33:22+00:00\" \/>\n<meta property=\"og:image\" content=\"http:\/\/colpisucarta.com\/wp-content\/uploads\/2020\/07\/Fenchel-768x768.png\" \/>\n<meta name=\"twitter:card\" content=\"summary_large_image\" \/>\n<script type=\"application\/ld+json\" class=\"yoast-schema-graph\">{\"@context\":\"https:\\\/\\\/schema.org\",\"@graph\":[{\"@type\":\"WebPage\",\"@id\":\"https:\\\/\\\/colpisucarta.com\\\/?page_id=269\",\"url\":\"https:\\\/\\\/colpisucarta.com\\\/?page_id=269\",\"name\":\"Fruits & Vegetables | colpi.su.carta\",\"isPartOf\":{\"@id\":\"https:\\\/\\\/colpisucarta.com\\\/#website\"},\"primaryImageOfPage\":{\"@id\":\"https:\\\/\\\/colpisucarta.com\\\/?page_id=269#primaryimage\"},\"image\":{\"@id\":\"https:\\\/\\\/colpisucarta.com\\\/?page_id=269#primaryimage\"},\"thumbnailUrl\":\"http:\\\/\\\/colpisucarta.com\\\/wp-content\\\/uploads\\\/2020\\\/07\\\/Fenchel-768x768.png\",\"datePublished\":\"2020-07-09T13:18:40+00:00\",\"dateModified\":\"2021-04-07T07:33:22+00:00\",\"breadcrumb\":{\"@id\":\"https:\\\/\\\/colpisucarta.com\\\/?page_id=269#breadcrumb\"},\"inLanguage\":\"en-US\",\"potentialAction\":[{\"@type\":\"ReadAction\",\"target\":[\"https:\\\/\\\/colpisucarta.com\\\/?page_id=269\"]}]},{\"@type\":\"ImageObject\",\"inLanguage\":\"en-US\",\"@id\":\"https:\\\/\\\/colpisucarta.com\\\/?page_id=269#primaryimage\",\"url\":\"http:\\\/\\\/colpisucarta.com\\\/wp-content\\\/uploads\\\/2020\\\/07\\\/Fenchel-768x768.png\",\"contentUrl\":\"http:\\\/\\\/colpisucarta.com\\\/wp-content\\\/uploads\\\/2020\\\/07\\\/Fenchel-768x768.png\"},{\"@type\":\"BreadcrumbList\",\"@id\":\"https:\\\/\\\/colpisucarta.com\\\/?page_id=269#breadcrumb\",\"itemListElement\":[{\"@type\":\"ListItem\",\"position\":1,\"name\":\"Startseite\",\"item\":\"https:\\\/\\\/colpisucarta.com\\\/\"},{\"@type\":\"ListItem\",\"position\":2,\"name\":\"Fruits &#038; Vegetables\"}]},{\"@type\":\"WebSite\",\"@id\":\"https:\\\/\\\/colpisucarta.com\\\/#website\",\"url\":\"https:\\\/\\\/colpisucarta.com\\\/\",\"name\":\"colpi.su.carta\",\"description\":\"Luise Alfes\",\"publisher\":{\"@id\":\"https:\\\/\\\/colpisucarta.com\\\/#\\\/schema\\\/person\\\/9281080c72af1ed81d441456bc327668\"},\"potentialAction\":[{\"@type\":\"SearchAction\",\"target\":{\"@type\":\"EntryPoint\",\"urlTemplate\":\"https:\\\/\\\/colpisucarta.com\\\/?s={search_term_string}\"},\"query-input\":{\"@type\":\"PropertyValueSpecification\",\"valueRequired\":true,\"valueName\":\"search_term_string\"}}],\"inLanguage\":\"en-US\"},{\"@type\":[\"Person\",\"Organization\"],\"@id\":\"https:\\\/\\\/colpisucarta.com\\\/#\\\/schema\\\/person\\\/9281080c72af1ed81d441456bc327668\",\"name\":\"Luise Alfes\",\"logo\":{\"@id\":\"https:\\\/\\\/colpisucarta.com\\\/#\\\/schema\\\/person\\\/image\\\/\"}}]}<\/script>\n<!-- \/ Yoast SEO plugin. -->","yoast_head_json":{"title":"Fruits & Vegetables | colpi.su.carta","robots":{"index":"index","follow":"follow","max-snippet":"max-snippet:-1","max-image-preview":"max-image-preview:large","max-video-preview":"max-video-preview:-1"},"canonical":"https:\/\/colpisucarta.com\/?page_id=269","og_locale":"en_US","og_type":"article","og_title":"Fruits & Vegetables | colpi.su.carta","og_description":"Obst &amp; Fr\u00fcchte \/\/ Fruit &amp; Vegetables W\u00e4hrend ich fast 7 Wochen im &#8220;Corona-Lockdown&#8221; in Rom war, habe ich eine Woche lang jeden Tag ein Obst oder Gem\u00fcse gezeichnet. Dies ist das Ergebnis.F\u00fcr einen Wettbewerb ist au\u00dferdem ein Gem\u00fcsemuster entstanden. During 7 weeks of lockdown in Rome in March 2020, I challenged myself to draw [&hellip;]","og_url":"https:\/\/colpisucarta.com\/?page_id=269","og_site_name":"colpi.su.carta","article_modified_time":"2021-04-07T07:33:22+00:00","og_image":[{"url":"http:\/\/colpisucarta.com\/wp-content\/uploads\/2020\/07\/Fenchel-768x768.png","type":"","width":"","height":""}],"twitter_card":"summary_large_image","schema":{"@context":"https:\/\/schema.org","@graph":[{"@type":"WebPage","@id":"https:\/\/colpisucarta.com\/?page_id=269","url":"https:\/\/colpisucarta.com\/?page_id=269","name":"Fruits & Vegetables | colpi.su.carta","isPartOf":{"@id":"https:\/\/colpisucarta.com\/#website"},"primaryImageOfPage":{"@id":"https:\/\/colpisucarta.com\/?page_id=269#primaryimage"},"image":{"@id":"https:\/\/colpisucarta.com\/?page_id=269#primaryimage"},"thumbnailUrl":"http:\/\/colpisucarta.com\/wp-content\/uploads\/2020\/07\/Fenchel-768x768.png","datePublished":"2020-07-09T13:18:40+00:00","dateModified":"2021-04-07T07:33:22+00:00","breadcrumb":{"@id":"https:\/\/colpisucarta.com\/?page_id=269#breadcrumb"},"inLanguage":"en-US","potentialAction":[{"@type":"ReadAction","target":["https:\/\/colpisucarta.com\/?page_id=269"]}]},{"@type":"ImageObject","inLanguage":"en-US","@id":"https:\/\/colpisucarta.com\/?page_id=269#primaryimage","url":"http:\/\/colpisucarta.com\/wp-content\/uploads\/2020\/07\/Fenchel-768x768.png","contentUrl":"http:\/\/colpisucarta.com\/wp-content\/uploads\/2020\/07\/Fenchel-768x768.png"},{"@type":"BreadcrumbList","@id":"https:\/\/colpisucarta.com\/?page_id=269#breadcrumb","itemListElement":[{"@type":"ListItem","position":1,"name":"Startseite","item":"https:\/\/colpisucarta.com\/"},{"@type":"ListItem","position":2,"name":"Fruits &#038; Vegetables"}]},{"@type":"WebSite","@id":"https:\/\/colpisucarta.com\/#website","url":"https:\/\/colpisucarta.com\/","name":"colpi.su.carta","description":"Luise Alfes","publisher":{"@id":"https:\/\/colpisucarta.com\/#\/schema\/person\/9281080c72af1ed81d441456bc327668"},"potentialAction":[{"@type":"SearchAction","target":{"@type":"EntryPoint","urlTemplate":"https:\/\/colpisucarta.com\/?s={search_term_string}"},"query-input":{"@type":"PropertyValueSpecification","valueRequired":true,"valueName":"search_term_string"}}],"inLanguage":"en-US"},{"@type":["Person","Organization"],"@id":"https:\/\/colpisucarta.com\/#\/schema\/person\/9281080c72af1ed81d441456bc327668","name":"Luise Alfes","logo":{"@id":"https:\/\/colpisucarta.com\/#\/schema\/person\/image\/"}}]}},"_links":{"self":[{"href":"https:\/\/colpisucarta.com\/index.php?rest_route=\/wp\/v2\/pages\/269","targetHints":{"allow":["GET"]}}],"collection":[{"href":"https:\/\/colpisucarta.com\/index.php?rest_route=\/wp\/v2\/pages"}],"about":[{"href":"https:\/\/colpisucarta.com\/index.php?rest_route=\/wp\/v2\/types\/page"}],"author":[{"embeddable":true,"href":"https:\/\/colpisucarta.com\/index.php?rest_route=\/wp\/v2\/users\/1"}],"replies":[{"embeddable":true,"href":"https:\/\/colpisucarta.com\/index.php?rest_route=%2Fwp%2Fv2%2Fcomments&post=269"}],"version-history":[{"count":14,"href":"https:\/\/colpisucarta.com\/index.php?rest_route=\/wp\/v2\/pages\/269\/revisions"}],"predecessor-version":[{"id":485,"href":"https:\/\/colpisucarta.com\/index.php?rest_route=\/wp\/v2\/pages\/269\/revisions\/485"}],"wp:attachment":[{"href":"https:\/\/colpisucarta.com\/index.php?rest_route=%2Fwp%2Fv2%2Fmedia&parent=269"}],"curies":[{"name":"wp","href":"https:\/\/api.w.org\/{rel}","templated":true}]}}